{"id":777,"date":"2025-05-12T11:28:48","date_gmt":"2025-05-12T09:28:48","guid":{"rendered":"http:\/\/ecomic.zencodesolutions.com\/ipac\/?page_id=777"},"modified":"2026-04-01T13:21:44","modified_gmt":"2026-04-01T11:21:44","slug":"privacy","status":"publish","type":"page","link":"https:\/\/ecomic-svil.cultura.gov.it\/dpaas\/privacy\/","title":{"rendered":"Privacy"},"content":{"rendered":"\n<div class=\"wp-block-group alignwide is-layout-flow wp-block-group-is-layout-flow\">\n<div style=\"height:60px\" aria-hidden=\"true\" class=\"wp-block-spacer\"><\/div>\n\n\n\n<h1 class=\"wp-block-heading has-h-2-font-size\">Informativa sulla privacy<\/h1>\n\n\n\n<div style=\"height:40px\" aria-hidden=\"true\" class=\"wp-block-spacer\"><\/div>\n\n\n\n<h3 class=\"wp-block-heading has-h-4-font-size\"><strong>Informativa sul trattamento dei dati personali, resa ai sensi degli artt. 13 e 14 del Regolamento (UE) 2016\/679<\/strong><\/h3>\n\n\n\n<p class=\"\">Ai sensi degli artt. 13 e 14 del&nbsp;<a href=\"https:\/\/www.garanteprivacy.it\/regolamentoue\" target=\"_blank\" rel=\"noreferrer noopener\" tabindex=\"0\" role=\"link\" aria-label=\"Regolamento (UE) 2016\/679\">Regolamento (UE) 2016\/679<\/a>&nbsp;(di seguito \u201c<strong>Regolamento<\/strong>\u201d), questa pagina descrive le modalit\u00e0 di trattamento dei dati personali degli utenti che consultano il sito web dell\u2019Istituto Centrale per la digitalizzazione del patrimonio culturale \u2013&nbsp;<em>Digital Library<\/em>&nbsp;(di seguito \u201c<em>Digital Library<\/em>\u201d o \u201c<strong>Istituto<\/strong>\u201d) del Ministero della Cultura (di seguito \u201c<strong>MiC<\/strong>\u201d). Le presenti informazioni non riguardano altri siti, pagine o servizi online raggiungibili tramite link ipertestuali eventualmente pubblicati sul sito ma riferiti a risorse esterne al dominio del Catalogo della&nbsp;<em>Digital Library<\/em>.<\/p>\n\n\n\n<div style=\"height:32px\" aria-hidden=\"true\" class=\"wp-block-spacer\"><\/div>\n\n\n\n<h3 class=\"wp-block-heading has-h-4-font-size\"><strong>Titolare del trattamento<\/strong><\/h3>\n\n\n\n<p class=\"\">Titolare del trattamento dati \u00e8 il Ministero della Cultura, con sede in via del Collegio Romano 27, 00186, Roma, cui rivolgersi consultando l\u2019apposito&nbsp;<a href=\"https:\/\/ecomic-svil.cultura.gov.it\/ipac\/privacy\/#contacts\" tabindex=\"0\" role=\"link\" aria-label=\"form di contatto\">form di contatto<\/a>.<\/p>\n\n\n\n<div style=\"height:32px\" aria-hidden=\"true\" class=\"wp-block-spacer\"><\/div>\n\n\n\n<h3 class=\"wp-block-heading has-h-4-font-size\"><strong>Responsabile della protezione dei dati<\/strong><\/h3>\n\n\n\n<p class=\"\">Il Responsabile della Protezione dei Dati \u00e8 la persona a cui Lei potr\u00e0 rivolgersi per avere informazioni e segnalare eventuali problemi o disguidi inerenti ai Suoi dati personali. Ai sensi dell\u2019articolo 37 del Regolamento, il Responsabile della Protezione dei Dati (RPD o DPO \u2013 <em>Data Protection Officer<\/em>) \u00e8 il Dott. Antonio Francesco Artuso, Dirigente del Servizio Affari generali e contratti, contattabile ai seguenti recapiti: e-mail: <a href=\"mailto:rpd@cultura.gov.it\">rpd@cultura.gov.it<\/a> | telefono: 066723.2494 | via del Collegio Romano 27, 00186 \u2013 Roma (ITALIA).<\/p>\n\n\n\n<div style=\"height:32px\" aria-hidden=\"true\" class=\"wp-block-spacer\"><\/div>\n\n\n\n<h3 class=\"wp-block-heading has-h-4-font-size\"><strong>Finalit\u00e0 del trattamento<\/strong><\/h3>\n\n\n\n<p class=\"\">La <em>Digital Library<\/em> tratta e raccoglie i dati personali esclusivamente per finalit\u00e0 connesse alla fruizione del sito e dei servizi richiesti, nonch\u00e9 per la gestione e tutela del patrimonio culturale e le connesse attivit\u00e0 di comunicazione e per finalit\u00e0 funzionali allo svolgimento di attivit\u00e0 di ricerca, analisi e statistiche, e all\u2019invio di materiale informativo e aggiornamenti su iniziative e programmi dalla <em>Digital Library<\/em>. Ai sensi dell\u2019art. 13 par. 3 del Regolamento, qualora il Titolare intenda trattare ulteriormente i dati personali per una finalit\u00e0 diversa da quella per cui essi sono stati raccolti, prima di tale ulteriore trattamento fornisce all\u2019interessato informazioni in merito a tale diversa finalit\u00e0 e ogni ulteriore informazione pertinente.<\/p>\n\n\n\n<p class=\"\">Le basi giuridiche che legittimano il trattamento sono individuate, in conformit\u00e0 all\u2019articolo 6, paragrafo 1, lettera a) del Regolamento (UE) 2016\/679, nel consenso espresso dall\u2019interessato al trattamento dei propri dati personali per una o pi\u00f9 specifiche finalit\u00e0, nonch\u00e9 nell\u2019articolo 6, paragrafo 1, lettera b) del medesimo Regolamento, nella necessit\u00e0 di eseguire un contratto di cui l\u2019interessato \u00e8 parte; sull\u2019articolo 6, paragrafo 1, lettera e) del Regolamento, in quanto riconducibile all\u2019esecuzione di un compito di interesse pubblico o connesso all&#8217;esercizio di pubblici poteri di cui \u00e8 investito il titolare del trattamento; nonch\u00e9 sull\u2019articolo 110-bis del D.lgs. 196\/2003, che autorizza il trattamento per finalit\u00e0 di ricerca scientifica, statistica e storica nel rispetto delle garanzie previste dall\u2019articolo 89 del GDPR.<\/p>\n\n\n\n<div style=\"height:32px\" aria-hidden=\"true\" class=\"wp-block-spacer\"><\/div>\n\n\n\n<h3 class=\"wp-block-heading has-h-4-font-size\"><strong>Modalit\u00e0 del trattamento<\/strong><\/h3>\n\n\n\n<p class=\"\">Per il trattamento dei dati connesso ai servizi del sito&nbsp;<em>web<\/em>, il Titolare utilizza&nbsp;<em>server<\/em>&nbsp;ubicati all\u2019interno del territorio europeo. Il trattamento dei dati \u00e8 eseguito attraverso supporti informatici. I dati sono conservati in archivi elettronici con l\u2019adozione delle misure di sicurezza minime previste dal Legislatore.<\/p>\n\n\n\n<div style=\"height:32px\" aria-hidden=\"true\" class=\"wp-block-spacer\"><\/div>\n\n\n\n<h3 class=\"wp-block-heading has-h-4-font-size\"><strong><strong>Categoria di dati trattati<\/strong><\/strong><\/h3>\n\n\n\n<p class=\"\">In relazione alle specifiche finalit\u00e0 del trattamento, saranno trattati i seguenti dati:<\/p>\n\n\n\n<div style=\"height:32px\" aria-hidden=\"true\" class=\"wp-block-spacer\"><\/div>\n\n\n\n<h4 class=\"wp-block-heading has-h-6-font-size\"><em>Dati di navigazione<\/em><\/h4>\n\n\n\n<p class=\"\">I sistemi informatici e le procedure software preposte al funzionamento di questo sito <em>web<\/em> acquisiscono, nel corso del loro normale esercizio, alcuni dati personali la cui trasmissione \u00e8 implicita nell\u2019uso dei protocolli di comunicazione di Internet. Si tratta di informazioni che non sono raccolte per essere associate a interessati identificati, ma che per loro stessa natura potrebbero, attraverso elaborazioni ed associazioni con dati detenuti da terzi, permettere di identificare gli utenti. In questa categoria di dati rientrano gli indirizzi IP o i nomi a dominio dei computer utilizzati dagli utenti che si connettono al sito, gli indirizzi in notazione <em>Uniform Resource Identifier<\/em> (\u201c<strong>URI<\/strong>\u201d) delle risorse richieste, l\u2019orario della richiesta, il metodo utilizzato nel sottoporre la richiesta al <em>server<\/em>, la dimensione del file ottenuto in risposta, il codice numerico indicante lo stato della risposta data dal <em>server<\/em> (buon fine, errore, ecc.) ed altri parametri relativi al sistema operativo e all\u2019ambiente informatico dell\u2019utente. Questi dati vengono utilizzati al solo fine di ricavare informazioni statistiche anonime sull\u2019uso del sito web e per controllarne il corretto funzionamento. I dati potrebbero inoltre essere utilizzati per l\u2019accertamento di responsabilit\u00e0 in caso di eventuali reati informatici ai danni del sito <em>web<\/em>.<\/p>\n\n\n\n<div style=\"height:32px\" aria-hidden=\"true\" class=\"wp-block-spacer\"><\/div>\n\n\n\n<h4 class=\"wp-block-heading has-h-6-font-size\"><em>Cookie<\/em><\/h4>\n\n\n\n<p class=\"\">Questo Sito utilizza <em>cookie<\/em> <em>tecnici<\/em>, in particolare cookie di navigazione o di sessione, i quali consentono la normale navigazione e fruizione del Sito, anche attraverso la memorizzazione delle preferenze espresse dall\u2019utente durante l\u2019esperienza di consultazione.<\/p>\n\n\n\n<p class=\"\">Per tali <em>cookie<\/em> non \u00e8 richiesto il consenso esplicito dell\u2019utente, restando tuttavia obbligatoria la presentazione dell\u2019informativa ai sensi dell\u2019art. 13 del GDPR.<\/p>\n\n\n\n<p class=\"\">Sono altres\u00ec utilizzati <em>cookie<\/em> di profilazione, finalizzati a ricondurre a soggetti determinati, identificati o identificabili specifiche azioni o ricorrenti schemi comportamentali nell\u2019uso delle funzionalit\u00e0 del Sito, al fine di raggruppare gli utenti in profili omogenei e modulare l\u2019erogazione di servizi personalizzati, eccedenti quanto strettamente necessario alla fornitura del servizio richiesto, nonch\u00e9 per l\u2019invio di comunicazioni pubblicitarie mirate.<\/p>\n\n\n\n<p class=\"\">Per l\u2019utilizzo di tali <em>cookie<\/em> \u00e8 richiesto il consenso esplicito dell\u2019utente.<\/p>\n\n\n\n<p class=\"\">Per maggiori informazioni si consiglia di prendere visione della <em><a href=\"https:\/\/ecomic-svil.cultura.gov.it\/cookies\/\" target=\"_blank\" rel=\"noreferrer noopener\" tabindex=\"0\" role=\"link\" aria-label=\"Cookie Policy\">Cookie Policy<\/a><\/em>.<\/p>\n\n\n\n<div style=\"height:32px\" aria-hidden=\"true\" class=\"wp-block-spacer\"><\/div>\n\n\n\n<h3 class=\"wp-block-heading has-h-4-font-size\"><strong><strong>Categorie di destinatari dei dati oggetto del trattamento<\/strong><\/strong><\/h3>\n\n\n\n<p class=\"\">I dati personali degli interessati non saranno diffusi n\u00e9 oggetto di comunicazione, salvo quanto strettamente necessario per il perseguimento della finalit\u00e0 del trattamento. I dati saranno trattati solamente da personale tecnico autorizzato e istruito al trattamento, oppure dai Responsabili designati dal Titolare ai sensi dell\u2019art. 28 del Regolamento e conservati per il tempo strettamente necessario a dar corso alle richieste dell\u2019interessato e comunque nel rispetto dei termini di legge.<\/p>\n\n\n\n<div style=\"height:32px\" aria-hidden=\"true\" class=\"wp-block-spacer\"><\/div>\n\n\n\n<h3 class=\"wp-block-heading has-h-4-font-size\"><strong><strong>Periodo di conservazione dei dati<\/strong><\/strong><\/h3>\n\n\n\n<p class=\"\">Al fine di garantire un trattamento corretto e trasparente, i dati sono conservati per un periodo di tempo non superiore a quello necessario agli scopi per i quali essi sono stati raccolti o successivamente trattati conformemente a quanto previsto dagli obblighi di legge, e comunque per un periodo non superiore ad anni uno dall\u2019ultima attivit\u00e0 di trattamento.<\/p>\n\n\n\n<div style=\"height:32px\" aria-hidden=\"true\" class=\"wp-block-spacer\"><\/div>\n\n\n\n<h3 class=\"wp-block-heading has-h-4-font-size\"><strong><strong>Origine dei dati<\/strong><\/strong><\/h3>\n\n\n\n<p class=\"\">A parte quanto specificato per i dati di navigazione, l\u2019utente \u00e8 libero di fornire i dati personali riportati nei moduli di registrazione ai servizi del sito, di richiesta di informazioni e di invio di suggerimenti e segnalazioni alla redazione del sito. Il loro mancato conferimento pu\u00f2 comportare l\u2019impossibilit\u00e0 di ottenere quanto richiesto. Per i servizi forniti da terzi, per cui il sito rappresenta solo uno spazio espositivo, la&nbsp;<em>Digital Library<\/em>&nbsp;non \u00e8 titolare n\u00e9 responsabile dei dati raccolti.<\/p>\n\n\n\n<div style=\"height:32px\" aria-hidden=\"true\" class=\"wp-block-spacer\"><\/div>\n\n\n\n<h3 class=\"wp-block-heading has-h-4-font-size\"><strong><strong>Trasferimento dei dati presso Paesi terzi<\/strong><\/strong><\/h3>\n\n\n\n<p class=\"\">I dati raccolti non saranno diffusi, venduti o scambiati con soggetti terzi senza il consenso espresso dell\u2019interessato, fatte salve le ipotesi in cui la comunicazione a terzi (societ\u00e0 che prestano servizi di fornitura e assistenza informatica) sia necessaria per adempiere ad obblighi di legge o dar corso agli obblighi derivanti dal rapporto in essere con l\u2019interessato oppure i terzi (rientranti nella categoria indicata) operino quale personale tecnico autorizzato oppure Responsabili designati dal Titolare.<\/p>\n\n\n\n<div style=\"height:32px\" aria-hidden=\"true\" class=\"wp-block-spacer\"><\/div>\n\n\n\n<h3 class=\"wp-block-heading has-h-4-font-size\"><strong>Diritti degli interessati<\/strong><\/h3>\n\n\n\n<p class=\"\">In qualsiasi momento l\u2019interessato avr\u00e0 il diritto di richiedere ed ottenere informazioni chiare dalla <em>Digital Library<\/em> sulle operazioni di trattamento condotte sui suoi dati ed esercitare i diritti che Le sono riconosciuti ai sensi degli artt. 15 e ss. del Regolamento.<\/p>\n\n\n\n<p class=\"\">L&#8217;istanza per l\u2019esercizio dei gi\u00e0 menzionati diritti pu\u00f2 essere presentata in modalit\u00e0 elettronica scrivendo a&nbsp;<a href=\"mailto:rpd@cultura.gov.it\">rpd@cultura.gov.it<\/a>.<\/p>\n\n\n\n<div style=\"height:32px\" aria-hidden=\"true\" class=\"wp-block-spacer\"><\/div>\n\n\n\n<h3 class=\"wp-block-heading has-h-4-font-size\"><strong><strong>Reclamo all\u2019Autorit\u00e0 di controllo<\/strong><\/strong><\/h3>\n\n\n\n<p class=\"\">Gli interessati che ritengono che il trattamento dei dati personali a loro riferiti effettuato attraverso questo sito avvenga in violazione di quanto previsto dal Regolamento hanno il diritto di proporre reclamo al Garante per la protezione dei dati personali, come previsto dall\u2019art. 77 del Regolamento stesso, o di adire le opportune sedi giudiziarie (art. 79 del Regolamento). Ulteriori informazioni in ordine ai Suoi diritti sulla protezione dei dati personali sono reperibili sul sito&nbsp;<em>web<\/em>&nbsp;del Garante all\u2019indirizzo&nbsp;<a href=\"http:\/\/www.garanteprivacy.it\/\" target=\"_blank\" rel=\"noreferrer noopener\" tabindex=\"0\" role=\"link\" aria-label=\"www.garanteprivacy.it\">www.garanteprivacy.it<\/a>.<\/p>\n\n\n\n<div style=\"height:60px\" aria-hidden=\"true\" class=\"wp-block-spacer\"><\/div>\n<\/div>\n","protected":false},"excerpt":{"rendered":"<p>Informativa sulla privacy Informativa sul trattamento dei dati personali, resa ai sensi degli artt. 13 e 14 del Regolamento (UE) 2016\/679 Ai sensi degli artt. 13 e 14 del&nbsp;Regolamento (UE) 2016\/679&nbsp;(di seguito \u201cRegolamento\u201d), questa pagina descrive le modalit\u00e0 di trattamento dei dati personali degli utenti che consultano il sito web dell\u2019Istituto Centrale per la digitalizzazione [&hellip;]<\/p>\n","protected":false},"author":20,"featured_media":2685,"parent":0,"menu_order":0,"comment_status":"closed","ping_status":"closed","template":"","meta":{"footnotes":""},"class_list":["post-777","page","type-page","status-publish","has-post-thumbnail","hentry"],"yoast_head":"<!-- This site is optimized with the Yoast SEO plugin v25.3 - https:\/\/yoast.com\/wordpress\/plugins\/seo\/ -->\n<title>Privacy - DPaaS<\/title>\n<meta name=\"robots\" content=\"noindex, nofollow\" \/>\n<meta property=\"og:locale\" content=\"it_IT\" \/>\n<meta property=\"og:type\" content=\"article\" \/>\n<meta property=\"og:title\" content=\"Privacy - DPaaS\" \/>\n<meta property=\"og:description\" content=\"Informativa sulla privacy Informativa sul trattamento dei dati personali, resa ai sensi degli artt. 13 e 14 del Regolamento (UE) 2016\/679 Ai sensi degli artt. 13 e 14 del&nbsp;Regolamento (UE) 2016\/679&nbsp;(di seguito \u201cRegolamento\u201d), questa pagina descrive le modalit\u00e0 di trattamento dei dati personali degli utenti che consultano il sito web dell\u2019Istituto Centrale per la digitalizzazione [&hellip;]\" \/>\n<meta property=\"og:url\" content=\"https:\/\/ecomic-svil.cultura.gov.it\/dpaas\/privacy\/\" \/>\n<meta property=\"og:site_name\" content=\"DPaaS\" \/>\n<meta property=\"article:modified_time\" content=\"2026-04-01T11:21:44+00:00\" \/>\n<meta property=\"og:image\" content=\"https:\/\/ecomic-svil.cultura.gov.it\/dpaas\/wp-content\/uploads\/sites\/3\/2025\/12\/default-og-image-dpaas-1.png\" \/>\n\t<meta property=\"og:image:width\" content=\"1200\" \/>\n\t<meta property=\"og:image:height\" content=\"630\" \/>\n\t<meta property=\"og:image:type\" content=\"image\/png\" \/>\n<meta name=\"twitter:card\" content=\"summary_large_image\" \/>\n<script type=\"application\/ld+json\" class=\"yoast-schema-graph\">{\"@context\":\"https:\/\/schema.org\",\"@graph\":[{\"@type\":\"WebPage\",\"@id\":\"https:\/\/ecomic-svil.cultura.gov.it\/dpaas\/privacy\/\",\"url\":\"https:\/\/ecomic-svil.cultura.gov.it\/dpaas\/privacy\/\",\"name\":\"Privacy - DPaaS\",\"isPartOf\":{\"@id\":\"https:\/\/ecomic-svil.cultura.gov.it\/dpaas\/#website\"},\"primaryImageOfPage\":{\"@id\":\"https:\/\/ecomic-svil.cultura.gov.it\/dpaas\/privacy\/#primaryimage\"},\"image\":{\"@id\":\"https:\/\/ecomic-svil.cultura.gov.it\/dpaas\/privacy\/#primaryimage\"},\"thumbnailUrl\":\"https:\/\/ecomic-svil.cultura.gov.it\/dpaas\/wp-content\/uploads\/sites\/3\/2025\/12\/default-og-image-dpaas-1.png\",\"datePublished\":\"2025-05-12T09:28:48+00:00\",\"dateModified\":\"2026-04-01T11:21:44+00:00\",\"breadcrumb\":{\"@id\":\"https:\/\/ecomic-svil.cultura.gov.it\/dpaas\/privacy\/#breadcrumb\"},\"inLanguage\":\"it-IT\",\"potentialAction\":[{\"@type\":\"ReadAction\",\"target\":[\"https:\/\/ecomic-svil.cultura.gov.it\/dpaas\/privacy\/\"]}]},{\"@type\":\"ImageObject\",\"inLanguage\":\"it-IT\",\"@id\":\"https:\/\/ecomic-svil.cultura.gov.it\/dpaas\/privacy\/#primaryimage\",\"url\":\"https:\/\/ecomic-svil.cultura.gov.it\/dpaas\/wp-content\/uploads\/sites\/3\/2025\/12\/default-og-image-dpaas-1.png\",\"contentUrl\":\"https:\/\/ecomic-svil.cultura.gov.it\/dpaas\/wp-content\/uploads\/sites\/3\/2025\/12\/default-og-image-dpaas-1.png\",\"width\":1200,\"height\":630},{\"@type\":\"BreadcrumbList\",\"@id\":\"https:\/\/ecomic-svil.cultura.gov.it\/dpaas\/privacy\/#breadcrumb\",\"itemListElement\":[{\"@type\":\"ListItem\",\"position\":1,\"name\":\"Home\",\"item\":\"https:\/\/ecomic-svil.cultura.gov.it\/dpaas\/\"},{\"@type\":\"ListItem\",\"position\":2,\"name\":\"Privacy\"}]},{\"@type\":\"WebSite\",\"@id\":\"https:\/\/ecomic-svil.cultura.gov.it\/dpaas\/#website\",\"url\":\"https:\/\/ecomic-svil.cultura.gov.it\/dpaas\/\",\"name\":\"DPaaS\",\"description\":\"\",\"publisher\":{\"@id\":\"https:\/\/ecomic-svil.cultura.gov.it\/dpaas\/#organization\"},\"potentialAction\":[{\"@type\":\"SearchAction\",\"target\":{\"@type\":\"EntryPoint\",\"urlTemplate\":\"https:\/\/ecomic-svil.cultura.gov.it\/dpaas\/?s={search_term_string}\"},\"query-input\":{\"@type\":\"PropertyValueSpecification\",\"valueRequired\":true,\"valueName\":\"search_term_string\"}}],\"inLanguage\":\"it-IT\"},{\"@type\":\"Organization\",\"@id\":\"https:\/\/ecomic-svil.cultura.gov.it\/dpaas\/#organization\",\"name\":\"DPaaS\",\"url\":\"https:\/\/ecomic-svil.cultura.gov.it\/dpaas\/\",\"logo\":{\"@type\":\"ImageObject\",\"inLanguage\":\"it-IT\",\"@id\":\"https:\/\/ecomic-svil.cultura.gov.it\/dpaas\/#\/schema\/logo\/image\/\",\"url\":\"https:\/\/ecomic-svil.cultura.gov.it\/dpaas\/wp-content\/uploads\/sites\/3\/2025\/05\/logo-dpaas.webp\",\"contentUrl\":\"https:\/\/ecomic-svil.cultura.gov.it\/dpaas\/wp-content\/uploads\/sites\/3\/2025\/05\/logo-dpaas.webp\",\"width\":482,\"height\":88,\"caption\":\"DPaaS\"},\"image\":{\"@id\":\"https:\/\/ecomic-svil.cultura.gov.it\/dpaas\/#\/schema\/logo\/image\/\"}}]}<\/script>\n<!-- \/ Yoast SEO plugin. -->","yoast_head_json":{"title":"Privacy - DPaaS","robots":{"index":"noindex","follow":"nofollow"},"og_locale":"it_IT","og_type":"article","og_title":"Privacy - DPaaS","og_description":"Informativa sulla privacy Informativa sul trattamento dei dati personali, resa ai sensi degli artt. 13 e 14 del Regolamento (UE) 2016\/679 Ai sensi degli artt. 13 e 14 del&nbsp;Regolamento (UE) 2016\/679&nbsp;(di seguito \u201cRegolamento\u201d), questa pagina descrive le modalit\u00e0 di trattamento dei dati personali degli utenti che consultano il sito web dell\u2019Istituto Centrale per la digitalizzazione [&hellip;]","og_url":"https:\/\/ecomic-svil.cultura.gov.it\/dpaas\/privacy\/","og_site_name":"DPaaS","article_modified_time":"2026-04-01T11:21:44+00:00","og_image":[{"width":1200,"height":630,"url":"https:\/\/ecomic-svil.cultura.gov.it\/dpaas\/wp-content\/uploads\/sites\/3\/2025\/12\/default-og-image-dpaas-1.png","type":"image\/png"}],"twitter_card":"summary_large_image","schema":{"@context":"https:\/\/schema.org","@graph":[{"@type":"WebPage","@id":"https:\/\/ecomic-svil.cultura.gov.it\/dpaas\/privacy\/","url":"https:\/\/ecomic-svil.cultura.gov.it\/dpaas\/privacy\/","name":"Privacy - DPaaS","isPartOf":{"@id":"https:\/\/ecomic-svil.cultura.gov.it\/dpaas\/#website"},"primaryImageOfPage":{"@id":"https:\/\/ecomic-svil.cultura.gov.it\/dpaas\/privacy\/#primaryimage"},"image":{"@id":"https:\/\/ecomic-svil.cultura.gov.it\/dpaas\/privacy\/#primaryimage"},"thumbnailUrl":"https:\/\/ecomic-svil.cultura.gov.it\/dpaas\/wp-content\/uploads\/sites\/3\/2025\/12\/default-og-image-dpaas-1.png","datePublished":"2025-05-12T09:28:48+00:00","dateModified":"2026-04-01T11:21:44+00:00","breadcrumb":{"@id":"https:\/\/ecomic-svil.cultura.gov.it\/dpaas\/privacy\/#breadcrumb"},"inLanguage":"it-IT","potentialAction":[{"@type":"ReadAction","target":["https:\/\/ecomic-svil.cultura.gov.it\/dpaas\/privacy\/"]}]},{"@type":"ImageObject","inLanguage":"it-IT","@id":"https:\/\/ecomic-svil.cultura.gov.it\/dpaas\/privacy\/#primaryimage","url":"https:\/\/ecomic-svil.cultura.gov.it\/dpaas\/wp-content\/uploads\/sites\/3\/2025\/12\/default-og-image-dpaas-1.png","contentUrl":"https:\/\/ecomic-svil.cultura.gov.it\/dpaas\/wp-content\/uploads\/sites\/3\/2025\/12\/default-og-image-dpaas-1.png","width":1200,"height":630},{"@type":"BreadcrumbList","@id":"https:\/\/ecomic-svil.cultura.gov.it\/dpaas\/privacy\/#breadcrumb","itemListElement":[{"@type":"ListItem","position":1,"name":"Home","item":"https:\/\/ecomic-svil.cultura.gov.it\/dpaas\/"},{"@type":"ListItem","position":2,"name":"Privacy"}]},{"@type":"WebSite","@id":"https:\/\/ecomic-svil.cultura.gov.it\/dpaas\/#website","url":"https:\/\/ecomic-svil.cultura.gov.it\/dpaas\/","name":"DPaaS","description":"","publisher":{"@id":"https:\/\/ecomic-svil.cultura.gov.it\/dpaas\/#organization"},"potentialAction":[{"@type":"SearchAction","target":{"@type":"EntryPoint","urlTemplate":"https:\/\/ecomic-svil.cultura.gov.it\/dpaas\/?s={search_term_string}"},"query-input":{"@type":"PropertyValueSpecification","valueRequired":true,"valueName":"search_term_string"}}],"inLanguage":"it-IT"},{"@type":"Organization","@id":"https:\/\/ecomic-svil.cultura.gov.it\/dpaas\/#organization","name":"DPaaS","url":"https:\/\/ecomic-svil.cultura.gov.it\/dpaas\/","logo":{"@type":"ImageObject","inLanguage":"it-IT","@id":"https:\/\/ecomic-svil.cultura.gov.it\/dpaas\/#\/schema\/logo\/image\/","url":"https:\/\/ecomic-svil.cultura.gov.it\/dpaas\/wp-content\/uploads\/sites\/3\/2025\/05\/logo-dpaas.webp","contentUrl":"https:\/\/ecomic-svil.cultura.gov.it\/dpaas\/wp-content\/uploads\/sites\/3\/2025\/05\/logo-dpaas.webp","width":482,"height":88,"caption":"DPaaS"},"image":{"@id":"https:\/\/ecomic-svil.cultura.gov.it\/dpaas\/#\/schema\/logo\/image\/"}}]}},"_links":{"self":[{"href":"https:\/\/ecomic-svil.cultura.gov.it\/dpaas\/wp-json\/wp\/v2\/pages\/777","targetHints":{"allow":["GET"]}}],"collection":[{"href":"https:\/\/ecomic-svil.cultura.gov.it\/dpaas\/wp-json\/wp\/v2\/pages"}],"about":[{"href":"https:\/\/ecomic-svil.cultura.gov.it\/dpaas\/wp-json\/wp\/v2\/types\/page"}],"author":[{"embeddable":true,"href":"https:\/\/ecomic-svil.cultura.gov.it\/dpaas\/wp-json\/wp\/v2\/users\/20"}],"replies":[{"embeddable":true,"href":"https:\/\/ecomic-svil.cultura.gov.it\/dpaas\/wp-json\/wp\/v2\/comments?post=777"}],"version-history":[{"count":22,"href":"https:\/\/ecomic-svil.cultura.gov.it\/dpaas\/wp-json\/wp\/v2\/pages\/777\/revisions"}],"predecessor-version":[{"id":3138,"href":"https:\/\/ecomic-svil.cultura.gov.it\/dpaas\/wp-json\/wp\/v2\/pages\/777\/revisions\/3138"}],"wp:featuredmedia":[{"embeddable":true,"href":"https:\/\/ecomic-svil.cultura.gov.it\/dpaas\/wp-json\/wp\/v2\/media\/2685"}],"wp:attachment":[{"href":"https:\/\/ecomic-svil.cultura.gov.it\/dpaas\/wp-json\/wp\/v2\/media?parent=777"}],"curies":[{"name":"wp","href":"https:\/\/api.w.org\/{rel}","templated":true}]}}