{"id":781,"date":"2025-05-12T11:29:05","date_gmt":"2025-05-12T09:29:05","guid":{"rendered":"http:\/\/ecomic.zencodesolutions.com\/ipac\/?page_id=781"},"modified":"2026-04-02T17:15:33","modified_gmt":"2026-04-02T15:15:33","slug":"termini-e-condizioni","status":"publish","type":"page","link":"https:\/\/ecomic-svil.cultura.gov.it\/dpaas\/termini-e-condizioni\/","title":{"rendered":"Termini e condizioni"},"content":{"rendered":"\n<div class=\"wp-block-group alignfull has-global-padding is-layout-constrained wp-container-core-group-is-layout-d551c5ac wp-block-group-is-layout-constrained\" style=\"padding-right:var(--wp--preset--spacing--base);padding-left:var(--wp--preset--spacing--base)\">\n<div class=\"wp-block-group alignwide is-layout-flow wp-block-group-is-layout-flow\">\n<div style=\"height:60px\" aria-hidden=\"true\" class=\"wp-block-spacer\"><\/div>\n\n\n\n<h1 class=\"wp-block-heading has-h-2-font-size\">Termini e condizioni<\/h1>\n\n\n\n<div style=\"height:40px\" aria-hidden=\"true\" class=\"wp-block-spacer\"><\/div>\n\n\n\n<p class=\"\">La visualizzazione, il download e qualunque utilizzo dei dati pubblicati sul presente sito comporta l\u2019accettazione dei seguenti termini d\u2019uso e delle condizioni della licenza con cui sono pubblicati.&nbsp;<\/p>\n\n\n\n<p class=\"\">Salvo ove diversamente indicato, i dati pubblicati sul presente sito sono messi a disposizione con licenza Creative Commons Attribuzione 4.0 internazionale, il cui testo integrale \u00e8 disponibile al seguente indirizzo: <a href=\"https:\/\/creativecommons.org\/licenses\/by\/4.0\/legalcode.it\" target=\"_blank\" rel=\"noreferrer noopener\" tabindex=\"0\" role=\"link\" aria-label=\"https:\/\/creativecommons.org\/licenses\/by\/4.0\/legalcode.it.\">https:\/\/creativecommons.org\/licenses\/by\/4.0\/legalcode.it.<\/a>&nbsp;<\/p>\n\n\n\n<p class=\"\">Questo significa che, ove non diversamente specificato, i contenuti di questo sito sono liberamente distribuibili e riutilizzabili, a patto che sia sempre citata la fonte e \u2013 ove possibile \u2013 riportato l\u2019indirizzo web della pagina originale. Tutti gli articoli ed i materiali contenuti all\u2019interno del Sito possono quindi essere liberamente utilizzati sia a scopi personali sia a scopi commerciali mantenendo sempre presente e visibile la fonte. \u00c8 permessa anche la riproduzione e ripubblicazione integrale su tutti i media a condizione che sia sempre chiaramente visibile il nome dell\u2019autore e la fonte; in caso di riproduzioni parziali occorre specificare che il testo integrale \u00e8 disponibile sul portale <em>DPaaS<\/em>.&nbsp;<\/p>\n\n\n\n<p class=\"\">L\u2019infrastruttura si impegna costantemente per assicurare la qualit\u00e0 delle informazioni pubblicate sul sito, nonch\u00e9 la loro integrit\u00e0, aggiornamento, completezza, tempestivit\u00e0, semplicit\u00e0 di consultazione e accessibilit\u00e0.&nbsp;<\/p>\n\n\n\n<p class=\"\">Per qualunque segnalazione o suggerimento \u00e8 possibile scrivere all\u2019indirizzo ecomic@cultura.gov.it.&nbsp;<\/p>\n\n\n\n<p class=\"\">In nessun caso l\u2019Infrastruttura pu\u00f2 essere ritenuta responsabile dei danni di qualsiasi natura causati direttamente o indirettamente dall\u2019accesso al Sito, dall\u2019incapacit\u00e0 o impossibilit\u00e0 di accedervi. DPaaS, inoltre, non potr\u00e0 essere ritenuta in alcun modo responsabile per i servizi di connettivit\u00e0 utilizzati dagli utenti per l\u2019accesso al Sito.&nbsp;<\/p>\n\n\n\n<p class=\"\">I collegamenti a siti esterni, indicati nel presente Sito, sono forniti come semplice servizio agli utenti, con esclusione di ogni responsabilit\u00e0 sulla correttezza e sulla completezza dell\u2019insieme dei collegamenti indicati. L\u2019indicazione dei collegamenti non implica da parte dell\u2019infrastruttura alcun tipo di approvazione o condivisione di responsabilit\u00e0 in relazione alla legittimit\u00e0, alla completezza e alla correttezza delle informazioni contenute nei siti indicati.\u00a0<\/p>\n\n\n\n<div style=\"height:60px\" aria-hidden=\"true\" class=\"wp-block-spacer\"><\/div>\n<\/div>\n<\/div>\n","protected":false},"excerpt":{"rendered":"<p>Termini e condizioni La visualizzazione, il download e qualunque utilizzo dei dati pubblicati sul presente sito comporta l\u2019accettazione dei seguenti termini d\u2019uso e delle condizioni della licenza con cui sono pubblicati.&nbsp; Salvo ove diversamente indicato, i dati pubblicati sul presente sito sono messi a disposizione con licenza Creative Commons Attribuzione 4.0 internazionale, il cui testo [&hellip;]<\/p>\n","protected":false},"author":20,"featured_media":2685,"parent":0,"menu_order":0,"comment_status":"closed","ping_status":"closed","template":"","meta":{"footnotes":""},"class_list":["post-781","page","type-page","status-publish","has-post-thumbnail","hentry"],"yoast_head":"<!-- This site is optimized with the Yoast SEO plugin v25.3 - https:\/\/yoast.com\/wordpress\/plugins\/seo\/ -->\n<title>Termini e condizioni - DPaaS<\/title>\n<meta name=\"robots\" content=\"index, follow, max-snippet:-1, max-image-preview:large, max-video-preview:-1\" \/>\n<link rel=\"canonical\" href=\"https:\/\/ecomic-svil.cultura.gov.it\/dpaas\/termini-e-condizioni\/\" \/>\n<meta property=\"og:locale\" content=\"it_IT\" \/>\n<meta property=\"og:type\" content=\"article\" \/>\n<meta property=\"og:title\" content=\"Termini e condizioni - DPaaS\" \/>\n<meta property=\"og:description\" content=\"Termini e condizioni La visualizzazione, il download e qualunque utilizzo dei dati pubblicati sul presente sito comporta l\u2019accettazione dei seguenti termini d\u2019uso e delle condizioni della licenza con cui sono pubblicati.&nbsp; Salvo ove diversamente indicato, i dati pubblicati sul presente sito sono messi a disposizione con licenza Creative Commons Attribuzione 4.0 internazionale, il cui testo [&hellip;]\" \/>\n<meta property=\"og:url\" content=\"https:\/\/ecomic-svil.cultura.gov.it\/dpaas\/termini-e-condizioni\/\" \/>\n<meta property=\"og:site_name\" content=\"DPaaS\" \/>\n<meta property=\"article:modified_time\" content=\"2026-04-02T15:15:33+00:00\" \/>\n<meta property=\"og:image\" content=\"https:\/\/ecomic-svil.cultura.gov.it\/dpaas\/wp-content\/uploads\/sites\/3\/2025\/12\/default-og-image-dpaas-1.png\" \/>\n\t<meta property=\"og:image:width\" content=\"1200\" \/>\n\t<meta property=\"og:image:height\" content=\"630\" \/>\n\t<meta property=\"og:image:type\" content=\"image\/png\" \/>\n<meta name=\"twitter:card\" content=\"summary_large_image\" \/>\n<script type=\"application\/ld+json\" class=\"yoast-schema-graph\">{\"@context\":\"https:\/\/schema.org\",\"@graph\":[{\"@type\":\"WebPage\",\"@id\":\"https:\/\/ecomic-svil.cultura.gov.it\/dpaas\/termini-e-condizioni\/\",\"url\":\"https:\/\/ecomic-svil.cultura.gov.it\/dpaas\/termini-e-condizioni\/\",\"name\":\"Termini e condizioni - DPaaS\",\"isPartOf\":{\"@id\":\"https:\/\/ecomic-svil.cultura.gov.it\/dpaas\/#website\"},\"primaryImageOfPage\":{\"@id\":\"https:\/\/ecomic-svil.cultura.gov.it\/dpaas\/termini-e-condizioni\/#primaryimage\"},\"image\":{\"@id\":\"https:\/\/ecomic-svil.cultura.gov.it\/dpaas\/termini-e-condizioni\/#primaryimage\"},\"thumbnailUrl\":\"https:\/\/ecomic-svil.cultura.gov.it\/dpaas\/wp-content\/uploads\/sites\/3\/2025\/12\/default-og-image-dpaas-1.png\",\"datePublished\":\"2025-05-12T09:29:05+00:00\",\"dateModified\":\"2026-04-02T15:15:33+00:00\",\"breadcrumb\":{\"@id\":\"https:\/\/ecomic-svil.cultura.gov.it\/dpaas\/termini-e-condizioni\/#breadcrumb\"},\"inLanguage\":\"it-IT\",\"potentialAction\":[{\"@type\":\"ReadAction\",\"target\":[\"https:\/\/ecomic-svil.cultura.gov.it\/dpaas\/termini-e-condizioni\/\"]}]},{\"@type\":\"ImageObject\",\"inLanguage\":\"it-IT\",\"@id\":\"https:\/\/ecomic-svil.cultura.gov.it\/dpaas\/termini-e-condizioni\/#primaryimage\",\"url\":\"https:\/\/ecomic-svil.cultura.gov.it\/dpaas\/wp-content\/uploads\/sites\/3\/2025\/12\/default-og-image-dpaas-1.png\",\"contentUrl\":\"https:\/\/ecomic-svil.cultura.gov.it\/dpaas\/wp-content\/uploads\/sites\/3\/2025\/12\/default-og-image-dpaas-1.png\",\"width\":1200,\"height\":630},{\"@type\":\"BreadcrumbList\",\"@id\":\"https:\/\/ecomic-svil.cultura.gov.it\/dpaas\/termini-e-condizioni\/#breadcrumb\",\"itemListElement\":[{\"@type\":\"ListItem\",\"position\":1,\"name\":\"Home\",\"item\":\"https:\/\/ecomic-svil.cultura.gov.it\/dpaas\/\"},{\"@type\":\"ListItem\",\"position\":2,\"name\":\"Termini e condizioni\"}]},{\"@type\":\"WebSite\",\"@id\":\"https:\/\/ecomic-svil.cultura.gov.it\/dpaas\/#website\",\"url\":\"https:\/\/ecomic-svil.cultura.gov.it\/dpaas\/\",\"name\":\"DPaaS\",\"description\":\"\",\"publisher\":{\"@id\":\"https:\/\/ecomic-svil.cultura.gov.it\/dpaas\/#organization\"},\"potentialAction\":[{\"@type\":\"SearchAction\",\"target\":{\"@type\":\"EntryPoint\",\"urlTemplate\":\"https:\/\/ecomic-svil.cultura.gov.it\/dpaas\/?s={search_term_string}\"},\"query-input\":{\"@type\":\"PropertyValueSpecification\",\"valueRequired\":true,\"valueName\":\"search_term_string\"}}],\"inLanguage\":\"it-IT\"},{\"@type\":\"Organization\",\"@id\":\"https:\/\/ecomic-svil.cultura.gov.it\/dpaas\/#organization\",\"name\":\"DPaaS\",\"url\":\"https:\/\/ecomic-svil.cultura.gov.it\/dpaas\/\",\"logo\":{\"@type\":\"ImageObject\",\"inLanguage\":\"it-IT\",\"@id\":\"https:\/\/ecomic-svil.cultura.gov.it\/dpaas\/#\/schema\/logo\/image\/\",\"url\":\"https:\/\/ecomic-svil.cultura.gov.it\/dpaas\/wp-content\/uploads\/sites\/3\/2025\/05\/logo-dpaas.webp\",\"contentUrl\":\"https:\/\/ecomic-svil.cultura.gov.it\/dpaas\/wp-content\/uploads\/sites\/3\/2025\/05\/logo-dpaas.webp\",\"width\":482,\"height\":88,\"caption\":\"DPaaS\"},\"image\":{\"@id\":\"https:\/\/ecomic-svil.cultura.gov.it\/dpaas\/#\/schema\/logo\/image\/\"}}]}<\/script>\n<!-- \/ Yoast SEO plugin. -->","yoast_head_json":{"title":"Termini e condizioni - DPaaS","robots":{"index":"index","follow":"follow","max-snippet":"max-snippet:-1","max-image-preview":"max-image-preview:large","max-video-preview":"max-video-preview:-1"},"canonical":"https:\/\/ecomic-svil.cultura.gov.it\/dpaas\/termini-e-condizioni\/","og_locale":"it_IT","og_type":"article","og_title":"Termini e condizioni - DPaaS","og_description":"Termini e condizioni La visualizzazione, il download e qualunque utilizzo dei dati pubblicati sul presente sito comporta l\u2019accettazione dei seguenti termini d\u2019uso e delle condizioni della licenza con cui sono pubblicati.&nbsp; Salvo ove diversamente indicato, i dati pubblicati sul presente sito sono messi a disposizione con licenza Creative Commons Attribuzione 4.0 internazionale, il cui testo [&hellip;]","og_url":"https:\/\/ecomic-svil.cultura.gov.it\/dpaas\/termini-e-condizioni\/","og_site_name":"DPaaS","article_modified_time":"2026-04-02T15:15:33+00:00","og_image":[{"width":1200,"height":630,"url":"https:\/\/ecomic-svil.cultura.gov.it\/dpaas\/wp-content\/uploads\/sites\/3\/2025\/12\/default-og-image-dpaas-1.png","type":"image\/png"}],"twitter_card":"summary_large_image","schema":{"@context":"https:\/\/schema.org","@graph":[{"@type":"WebPage","@id":"https:\/\/ecomic-svil.cultura.gov.it\/dpaas\/termini-e-condizioni\/","url":"https:\/\/ecomic-svil.cultura.gov.it\/dpaas\/termini-e-condizioni\/","name":"Termini e condizioni - DPaaS","isPartOf":{"@id":"https:\/\/ecomic-svil.cultura.gov.it\/dpaas\/#website"},"primaryImageOfPage":{"@id":"https:\/\/ecomic-svil.cultura.gov.it\/dpaas\/termini-e-condizioni\/#primaryimage"},"image":{"@id":"https:\/\/ecomic-svil.cultura.gov.it\/dpaas\/termini-e-condizioni\/#primaryimage"},"thumbnailUrl":"https:\/\/ecomic-svil.cultura.gov.it\/dpaas\/wp-content\/uploads\/sites\/3\/2025\/12\/default-og-image-dpaas-1.png","datePublished":"2025-05-12T09:29:05+00:00","dateModified":"2026-04-02T15:15:33+00:00","breadcrumb":{"@id":"https:\/\/ecomic-svil.cultura.gov.it\/dpaas\/termini-e-condizioni\/#breadcrumb"},"inLanguage":"it-IT","potentialAction":[{"@type":"ReadAction","target":["https:\/\/ecomic-svil.cultura.gov.it\/dpaas\/termini-e-condizioni\/"]}]},{"@type":"ImageObject","inLanguage":"it-IT","@id":"https:\/\/ecomic-svil.cultura.gov.it\/dpaas\/termini-e-condizioni\/#primaryimage","url":"https:\/\/ecomic-svil.cultura.gov.it\/dpaas\/wp-content\/uploads\/sites\/3\/2025\/12\/default-og-image-dpaas-1.png","contentUrl":"https:\/\/ecomic-svil.cultura.gov.it\/dpaas\/wp-content\/uploads\/sites\/3\/2025\/12\/default-og-image-dpaas-1.png","width":1200,"height":630},{"@type":"BreadcrumbList","@id":"https:\/\/ecomic-svil.cultura.gov.it\/dpaas\/termini-e-condizioni\/#breadcrumb","itemListElement":[{"@type":"ListItem","position":1,"name":"Home","item":"https:\/\/ecomic-svil.cultura.gov.it\/dpaas\/"},{"@type":"ListItem","position":2,"name":"Termini e condizioni"}]},{"@type":"WebSite","@id":"https:\/\/ecomic-svil.cultura.gov.it\/dpaas\/#website","url":"https:\/\/ecomic-svil.cultura.gov.it\/dpaas\/","name":"DPaaS","description":"","publisher":{"@id":"https:\/\/ecomic-svil.cultura.gov.it\/dpaas\/#organization"},"potentialAction":[{"@type":"SearchAction","target":{"@type":"EntryPoint","urlTemplate":"https:\/\/ecomic-svil.cultura.gov.it\/dpaas\/?s={search_term_string}"},"query-input":{"@type":"PropertyValueSpecification","valueRequired":true,"valueName":"search_term_string"}}],"inLanguage":"it-IT"},{"@type":"Organization","@id":"https:\/\/ecomic-svil.cultura.gov.it\/dpaas\/#organization","name":"DPaaS","url":"https:\/\/ecomic-svil.cultura.gov.it\/dpaas\/","logo":{"@type":"ImageObject","inLanguage":"it-IT","@id":"https:\/\/ecomic-svil.cultura.gov.it\/dpaas\/#\/schema\/logo\/image\/","url":"https:\/\/ecomic-svil.cultura.gov.it\/dpaas\/wp-content\/uploads\/sites\/3\/2025\/05\/logo-dpaas.webp","contentUrl":"https:\/\/ecomic-svil.cultura.gov.it\/dpaas\/wp-content\/uploads\/sites\/3\/2025\/05\/logo-dpaas.webp","width":482,"height":88,"caption":"DPaaS"},"image":{"@id":"https:\/\/ecomic-svil.cultura.gov.it\/dpaas\/#\/schema\/logo\/image\/"}}]}},"_links":{"self":[{"href":"https:\/\/ecomic-svil.cultura.gov.it\/dpaas\/wp-json\/wp\/v2\/pages\/781","targetHints":{"allow":["GET"]}}],"collection":[{"href":"https:\/\/ecomic-svil.cultura.gov.it\/dpaas\/wp-json\/wp\/v2\/pages"}],"about":[{"href":"https:\/\/ecomic-svil.cultura.gov.it\/dpaas\/wp-json\/wp\/v2\/types\/page"}],"author":[{"embeddable":true,"href":"https:\/\/ecomic-svil.cultura.gov.it\/dpaas\/wp-json\/wp\/v2\/users\/20"}],"replies":[{"embeddable":true,"href":"https:\/\/ecomic-svil.cultura.gov.it\/dpaas\/wp-json\/wp\/v2\/comments?post=781"}],"version-history":[{"count":10,"href":"https:\/\/ecomic-svil.cultura.gov.it\/dpaas\/wp-json\/wp\/v2\/pages\/781\/revisions"}],"predecessor-version":[{"id":3153,"href":"https:\/\/ecomic-svil.cultura.gov.it\/dpaas\/wp-json\/wp\/v2\/pages\/781\/revisions\/3153"}],"wp:featuredmedia":[{"embeddable":true,"href":"https:\/\/ecomic-svil.cultura.gov.it\/dpaas\/wp-json\/wp\/v2\/media\/2685"}],"wp:attachment":[{"href":"https:\/\/ecomic-svil.cultura.gov.it\/dpaas\/wp-json\/wp\/v2\/media?parent=781"}],"curies":[{"name":"wp","href":"https:\/\/api.w.org\/{rel}","templated":true}]}}