{"id":261,"date":"2025-12-04T08:55:59","date_gmt":"2025-12-04T08:55:59","guid":{"rendered":"https:\/\/ecomic-svil.cultura.gov.it\/dpac\/?page_id=261"},"modified":"2026-04-02T15:15:14","modified_gmt":"2026-04-02T15:15:14","slug":"termini-e-condizioni","status":"publish","type":"page","link":"https:\/\/ecomic-svil.cultura.gov.it\/dpac\/termini-e-condizioni\/","title":{"rendered":"Termini e condizioni"},"content":{"rendered":"\n<div class=\"wp-block-group alignwide is-layout-flow wp-block-group-is-layout-flow\">\n<div style=\"height:60px\" aria-hidden=\"true\" class=\"wp-block-spacer\"><\/div>\n<\/div>\n\n\n\n<div class=\"wp-block-group alignwide is-layout-flow wp-block-group-is-layout-flow\">\n<h1 class=\"wp-block-heading has-h-2-font-size\">Termini e condizioni<\/h1>\n\n\n\n<div style=\"height:40px\" aria-hidden=\"true\" class=\"wp-block-spacer\"><\/div>\n\n\n\n<p class=\"\">La visualizzazione, il download e qualunque utilizzo dei dati pubblicati sul presente sito comporta l\u2019accettazione dei seguenti termini d\u2019uso e delle condizioni della licenza con cui sono pubblicati.&nbsp;<\/p>\n\n\n\n<p class=\"\">Salvo ove diversamente indicato, i dati pubblicati sul presente sito sono messi a disposizione con licenza Creative Commons Attribuzione 4.0 internazionale, il cui testo integrale \u00e8 disponibile al seguente indirizzo: <a href=\"https:\/\/creativecommons.org\/licenses\/by\/4.0\/legalcode.it\" target=\"_blank\" rel=\"noreferrer noopener\" tabindex=\"0\" role=\"link\" aria-label=\"https:\/\/creativecommons.org\/licenses\/by\/4.0\/legalcode.it.\">https:\/\/creativecommons.org\/licenses\/by\/4.0\/legalcode.it.<\/a>\u00a0<\/p>\n\n\n\n<p class=\"\">Questo significa che, ove non diversamente specificato, i contenuti di questo sito sono liberamente distribuibili e riutilizzabili, a patto che sia sempre citata la fonte e \u2013 ove possibile \u2013 riportato l\u2019indirizzo web della pagina originale. Tutti gli articoli ed i materiali contenuti all\u2019interno del Sito possono quindi essere liberamente utilizzati sia a scopi personali sia a scopi commerciali mantenendo sempre presente e visibile la fonte. \u00c8 permessa anche la riproduzione e ripubblicazione integrale su tutti i media a condizione che sia sempre chiaramente visibile il nome dell\u2019autore e la fonte; in caso di riproduzioni parziali occorre specificare che il testo integrale \u00e8 disponibile sul portale <em>DPaC<\/em>.&nbsp;<\/p>\n\n\n\n<p class=\"\">L\u2019infrastruttura si impegna costantemente per assicurare la qualit\u00e0 delle informazioni pubblicate sul sito, nonch\u00e9 la loro integrit\u00e0, aggiornamento, completezza, tempestivit\u00e0, semplicit\u00e0 di consultazione e accessibilit\u00e0.&nbsp;<\/p>\n\n\n\n<p class=\"\">Per qualunque segnalazione o suggerimento \u00e8 possibile scrivere all\u2019indirizzo ecomic@cultura.gov.it.\u00a0<\/p>\n\n\n\n<p class=\"\">In nessun caso l\u2019Infrastruttura pu\u00f2 essere ritenuta responsabile dei danni di qualsiasi natura causati direttamente o indirettamente dall\u2019accesso al Sito, dall\u2019incapacit\u00e0 o impossibilit\u00e0 di accedervi. DPaC, inoltre, non potr\u00e0 essere ritenuta in alcun modo responsabile per i servizi di connettivit\u00e0 utilizzati dagli utenti per l\u2019accesso al Sito.\u00a0<\/p>\n\n\n\n<p class=\"\">I collegamenti a siti esterni, indicati nel presente Sito, sono forniti come semplice servizio agli utenti, con esclusione di ogni responsabilit\u00e0 sulla correttezza e sulla completezza dell\u2019insieme dei collegamenti indicati. L\u2019indicazione dei collegamenti non implica da parte dell\u2019infrastruttura alcun tipo di approvazione o condivisione di responsabilit\u00e0 in relazione alla legittimit\u00e0, alla completezza e alla correttezza delle informazioni contenute nei siti indicati.\u00a0<\/p>\n\n\n\n<div style=\"height:60px\" aria-hidden=\"true\" class=\"wp-block-spacer\"><\/div>\n<\/div>\n","protected":false},"excerpt":{"rendered":"<p>Termini e condizioni La visualizzazione, il download e qualunque utilizzo dei dati pubblicati sul presente sito comporta l\u2019accettazione dei seguenti termini d\u2019uso e delle condizioni della licenza con cui sono pubblicati.&nbsp; Salvo ove diversamente indicato, i dati pubblicati sul presente sito sono messi a disposizione con licenza Creative Commons Attribuzione 4.0 internazionale, il cui testo [&hellip;]<\/p>\n","protected":false},"author":21,"featured_media":0,"parent":0,"menu_order":0,"comment_status":"closed","ping_status":"closed","template":"","meta":{"footnotes":""},"class_list":["post-261","page","type-page","status-publish","hentry"],"yoast_head":"<!-- This site is optimized with the Yoast SEO plugin v25.3 - https:\/\/yoast.com\/wordpress\/plugins\/seo\/ -->\n<title>Termini e condizioni - D.PaC<\/title>\n<meta name=\"robots\" content=\"index, follow, max-snippet:-1, max-image-preview:large, max-video-preview:-1\" \/>\n<link rel=\"canonical\" href=\"https:\/\/ecomic-svil.cultura.gov.it\/dpac\/termini-e-condizioni\/\" \/>\n<meta property=\"og:locale\" content=\"it_IT\" \/>\n<meta property=\"og:type\" content=\"article\" \/>\n<meta property=\"og:title\" content=\"Termini e condizioni - D.PaC\" \/>\n<meta property=\"og:description\" content=\"Termini e condizioni La visualizzazione, il download e qualunque utilizzo dei dati pubblicati sul presente sito comporta l\u2019accettazione dei seguenti termini d\u2019uso e delle condizioni della licenza con cui sono pubblicati.&nbsp; Salvo ove diversamente indicato, i dati pubblicati sul presente sito sono messi a disposizione con licenza Creative Commons Attribuzione 4.0 internazionale, il cui testo [&hellip;]\" \/>\n<meta property=\"og:url\" content=\"https:\/\/ecomic-svil.cultura.gov.it\/dpac\/termini-e-condizioni\/\" \/>\n<meta property=\"og:site_name\" content=\"D.PaC\" \/>\n<meta property=\"article:modified_time\" content=\"2026-04-02T15:15:14+00:00\" \/>\n<meta name=\"twitter:card\" content=\"summary_large_image\" \/>\n<meta name=\"twitter:label1\" content=\"Tempo di lettura stimato\" \/>\n\t<meta name=\"twitter:data1\" content=\"2 minuti\" \/>\n<script type=\"application\/ld+json\" class=\"yoast-schema-graph\">{\"@context\":\"https:\/\/schema.org\",\"@graph\":[{\"@type\":\"WebPage\",\"@id\":\"https:\/\/ecomic-svil.cultura.gov.it\/dpac\/termini-e-condizioni\/\",\"url\":\"https:\/\/ecomic-svil.cultura.gov.it\/dpac\/termini-e-condizioni\/\",\"name\":\"Termini e condizioni - D.PaC\",\"isPartOf\":{\"@id\":\"https:\/\/ecomic-svil.cultura.gov.it\/dpac\/#website\"},\"datePublished\":\"2025-12-04T08:55:59+00:00\",\"dateModified\":\"2026-04-02T15:15:14+00:00\",\"breadcrumb\":{\"@id\":\"https:\/\/ecomic-svil.cultura.gov.it\/dpac\/termini-e-condizioni\/#breadcrumb\"},\"inLanguage\":\"it-IT\",\"potentialAction\":[{\"@type\":\"ReadAction\",\"target\":[\"https:\/\/ecomic-svil.cultura.gov.it\/dpac\/termini-e-condizioni\/\"]}]},{\"@type\":\"BreadcrumbList\",\"@id\":\"https:\/\/ecomic-svil.cultura.gov.it\/dpac\/termini-e-condizioni\/#breadcrumb\",\"itemListElement\":[{\"@type\":\"ListItem\",\"position\":1,\"name\":\"Home\",\"item\":\"https:\/\/ecomic-svil.cultura.gov.it\/dpac\/\"},{\"@type\":\"ListItem\",\"position\":2,\"name\":\"Termini e condizioni\"}]},{\"@type\":\"WebSite\",\"@id\":\"https:\/\/ecomic-svil.cultura.gov.it\/dpac\/#website\",\"url\":\"https:\/\/ecomic-svil.cultura.gov.it\/dpac\/\",\"name\":\"D.PaC\",\"description\":\"\",\"publisher\":{\"@id\":\"https:\/\/ecomic-svil.cultura.gov.it\/dpac\/#organization\"},\"potentialAction\":[{\"@type\":\"SearchAction\",\"target\":{\"@type\":\"EntryPoint\",\"urlTemplate\":\"https:\/\/ecomic-svil.cultura.gov.it\/dpac\/?s={search_term_string}\"},\"query-input\":{\"@type\":\"PropertyValueSpecification\",\"valueRequired\":true,\"valueName\":\"search_term_string\"}}],\"inLanguage\":\"it-IT\"},{\"@type\":\"Organization\",\"@id\":\"https:\/\/ecomic-svil.cultura.gov.it\/dpac\/#organization\",\"name\":\"D.PaC\",\"url\":\"https:\/\/ecomic-svil.cultura.gov.it\/dpac\/\",\"logo\":{\"@type\":\"ImageObject\",\"inLanguage\":\"it-IT\",\"@id\":\"https:\/\/ecomic-svil.cultura.gov.it\/dpac\/#\/schema\/logo\/image\/\",\"url\":\"https:\/\/ecomic-svil.cultura.gov.it\/dpac\/wp-content\/uploads\/sites\/4\/2025\/11\/DPaC.png\",\"contentUrl\":\"https:\/\/ecomic-svil.cultura.gov.it\/dpac\/wp-content\/uploads\/sites\/4\/2025\/11\/DPaC.png\",\"width\":512,\"height\":512,\"caption\":\"D.PaC\"},\"image\":{\"@id\":\"https:\/\/ecomic-svil.cultura.gov.it\/dpac\/#\/schema\/logo\/image\/\"}}]}<\/script>\n<!-- \/ Yoast SEO plugin. -->","yoast_head_json":{"title":"Termini e condizioni - D.PaC","robots":{"index":"index","follow":"follow","max-snippet":"max-snippet:-1","max-image-preview":"max-image-preview:large","max-video-preview":"max-video-preview:-1"},"canonical":"https:\/\/ecomic-svil.cultura.gov.it\/dpac\/termini-e-condizioni\/","og_locale":"it_IT","og_type":"article","og_title":"Termini e condizioni - D.PaC","og_description":"Termini e condizioni La visualizzazione, il download e qualunque utilizzo dei dati pubblicati sul presente sito comporta l\u2019accettazione dei seguenti termini d\u2019uso e delle condizioni della licenza con cui sono pubblicati.&nbsp; Salvo ove diversamente indicato, i dati pubblicati sul presente sito sono messi a disposizione con licenza Creative Commons Attribuzione 4.0 internazionale, il cui testo [&hellip;]","og_url":"https:\/\/ecomic-svil.cultura.gov.it\/dpac\/termini-e-condizioni\/","og_site_name":"D.PaC","article_modified_time":"2026-04-02T15:15:14+00:00","twitter_card":"summary_large_image","twitter_misc":{"Tempo di lettura stimato":"2 minuti"},"schema":{"@context":"https:\/\/schema.org","@graph":[{"@type":"WebPage","@id":"https:\/\/ecomic-svil.cultura.gov.it\/dpac\/termini-e-condizioni\/","url":"https:\/\/ecomic-svil.cultura.gov.it\/dpac\/termini-e-condizioni\/","name":"Termini e condizioni - D.PaC","isPartOf":{"@id":"https:\/\/ecomic-svil.cultura.gov.it\/dpac\/#website"},"datePublished":"2025-12-04T08:55:59+00:00","dateModified":"2026-04-02T15:15:14+00:00","breadcrumb":{"@id":"https:\/\/ecomic-svil.cultura.gov.it\/dpac\/termini-e-condizioni\/#breadcrumb"},"inLanguage":"it-IT","potentialAction":[{"@type":"ReadAction","target":["https:\/\/ecomic-svil.cultura.gov.it\/dpac\/termini-e-condizioni\/"]}]},{"@type":"BreadcrumbList","@id":"https:\/\/ecomic-svil.cultura.gov.it\/dpac\/termini-e-condizioni\/#breadcrumb","itemListElement":[{"@type":"ListItem","position":1,"name":"Home","item":"https:\/\/ecomic-svil.cultura.gov.it\/dpac\/"},{"@type":"ListItem","position":2,"name":"Termini e condizioni"}]},{"@type":"WebSite","@id":"https:\/\/ecomic-svil.cultura.gov.it\/dpac\/#website","url":"https:\/\/ecomic-svil.cultura.gov.it\/dpac\/","name":"D.PaC","description":"","publisher":{"@id":"https:\/\/ecomic-svil.cultura.gov.it\/dpac\/#organization"},"potentialAction":[{"@type":"SearchAction","target":{"@type":"EntryPoint","urlTemplate":"https:\/\/ecomic-svil.cultura.gov.it\/dpac\/?s={search_term_string}"},"query-input":{"@type":"PropertyValueSpecification","valueRequired":true,"valueName":"search_term_string"}}],"inLanguage":"it-IT"},{"@type":"Organization","@id":"https:\/\/ecomic-svil.cultura.gov.it\/dpac\/#organization","name":"D.PaC","url":"https:\/\/ecomic-svil.cultura.gov.it\/dpac\/","logo":{"@type":"ImageObject","inLanguage":"it-IT","@id":"https:\/\/ecomic-svil.cultura.gov.it\/dpac\/#\/schema\/logo\/image\/","url":"https:\/\/ecomic-svil.cultura.gov.it\/dpac\/wp-content\/uploads\/sites\/4\/2025\/11\/DPaC.png","contentUrl":"https:\/\/ecomic-svil.cultura.gov.it\/dpac\/wp-content\/uploads\/sites\/4\/2025\/11\/DPaC.png","width":512,"height":512,"caption":"D.PaC"},"image":{"@id":"https:\/\/ecomic-svil.cultura.gov.it\/dpac\/#\/schema\/logo\/image\/"}}]}},"_links":{"self":[{"href":"https:\/\/ecomic-svil.cultura.gov.it\/dpac\/wp-json\/wp\/v2\/pages\/261","targetHints":{"allow":["GET"]}}],"collection":[{"href":"https:\/\/ecomic-svil.cultura.gov.it\/dpac\/wp-json\/wp\/v2\/pages"}],"about":[{"href":"https:\/\/ecomic-svil.cultura.gov.it\/dpac\/wp-json\/wp\/v2\/types\/page"}],"author":[{"embeddable":true,"href":"https:\/\/ecomic-svil.cultura.gov.it\/dpac\/wp-json\/wp\/v2\/users\/21"}],"replies":[{"embeddable":true,"href":"https:\/\/ecomic-svil.cultura.gov.it\/dpac\/wp-json\/wp\/v2\/comments?post=261"}],"version-history":[{"count":4,"href":"https:\/\/ecomic-svil.cultura.gov.it\/dpac\/wp-json\/wp\/v2\/pages\/261\/revisions"}],"predecessor-version":[{"id":685,"href":"https:\/\/ecomic-svil.cultura.gov.it\/dpac\/wp-json\/wp\/v2\/pages\/261\/revisions\/685"}],"wp:attachment":[{"href":"https:\/\/ecomic-svil.cultura.gov.it\/dpac\/wp-json\/wp\/v2\/media?parent=261"}],"curies":[{"name":"wp","href":"https:\/\/api.w.org\/{rel}","templated":true}]}}